{"id":1467,"date":"2025-09-17T11:54:35","date_gmt":"2025-09-17T09:54:35","guid":{"rendered":"https:\/\/www.aquadivepro.com\/contatti\/"},"modified":"2026-04-02T11:45:27","modified_gmt":"2026-04-02T09:45:27","slug":"kontakt","status":"publish","type":"page","link":"https:\/\/www.aquadivepro.com\/de\/kontakt\/","title":{"rendered":"Kontakt"},"content":{"rendered":"\t\t<div data-elementor-type=\"wp-page\" data-elementor-id=\"1467\" class=\"elementor elementor-1467 elementor-658\" data-elementor-settings=\"{&quot;ha_cmc_init_switcher&quot;:&quot;no&quot;}\">\n\t\t\t\t<div class=\"elementor-element elementor-element-1697ded0 e-con-full e-flex e-con e-parent\" data-id=\"1697ded0\" data-element_type=\"container\" data-e-type=\"container\" data-settings=\"{&quot;_ha_eqh_enable&quot;:false}\">\n\t\t\t\t<div class=\"elementor-element elementor-element-5d57c31 elementor-widget__width-inherit elementor-widget elementor-widget-heading\" data-id=\"5d57c31\" data-element_type=\"widget\" data-e-type=\"widget\" data-widget_type=\"heading.default\">\n\t\t\t\t<div class=\"elementor-widget-container\">\n\t\t\t\t\t<span class=\"elementor-heading-title elementor-size-default\">Kontakt<\/span>\t\t\t\t<\/div>\n\t\t\t\t<\/div>\n\t\t\t\t<\/div>\n\t\t<div class=\"elementor-element elementor-element-6b21c9b7 e-con-full e-flex e-con e-parent\" data-id=\"6b21c9b7\" data-element_type=\"container\" data-e-type=\"container\" data-settings=\"{&quot;_ha_eqh_enable&quot;:false}\">\n\t\t<div class=\"elementor-element elementor-element-2d2fd175 e-con-full e-flex e-con e-child\" data-id=\"2d2fd175\" data-element_type=\"container\" data-e-type=\"container\" data-settings=\"{&quot;background_background&quot;:&quot;classic&quot;,&quot;_ha_eqh_enable&quot;:false}\">\n\t\t\t\t<div class=\"elementor-element elementor-element-44c4f3d elementor-widget elementor-widget-heading\" data-id=\"44c4f3d\" data-element_type=\"widget\" data-e-type=\"widget\" data-widget_type=\"heading.default\">\n\t\t\t\t<div class=\"elementor-widget-container\">\n\t\t\t\t\t<h2 class=\"elementor-heading-title elementor-size-default\">Informationen oder eine Demo von AquaDivePro anfordern<\/h2>\t\t\t\t<\/div>\n\t\t\t\t<\/div>\n\t\t\t\t<div class=\"elementor-element elementor-element-b6f1206 elementor-widget elementor-widget-text-editor\" data-id=\"b6f1206\" data-element_type=\"widget\" data-e-type=\"widget\" data-widget_type=\"text-editor.default\">\n\t\t\t\t<div class=\"elementor-widget-container\">\n\t\t\t\t\t\t\t\t\t<p>F\u00fcllen Sie das untenstehende Formular aus, um weitere Informationen zur Software zu erhalten und zu erfahren, wie AquaDivePro die Verwaltung Ihres Tauchzentrums vereinfachen kann.<\/p>\t\t\t\t\t\t\t\t<\/div>\n\t\t\t\t<\/div>\n\t\t\t\t<div class=\"elementor-element elementor-element-13f0f8a elementor-widget elementor-widget-shortcode\" data-id=\"13f0f8a\" data-element_type=\"widget\" data-e-type=\"widget\" data-widget_type=\"shortcode.default\">\n\t\t\t\t<div class=\"elementor-widget-container\">\n\t\t\t\t\t\t\t<div class=\"elementor-shortcode\">\n<div class=\"wpcf7 no-js\" id=\"wpcf7-f1505-o1\" lang=\"de-DE\" dir=\"ltr\" data-wpcf7-id=\"1505\">\n<div class=\"screen-reader-response\"><p role=\"status\" aria-live=\"polite\" aria-atomic=\"true\"><\/p> <ul><\/ul><\/div>\n<form action=\"\/de\/wp-json\/wp\/v2\/pages\/1467#wpcf7-f1505-o1\" method=\"post\" class=\"wpcf7-form init\" aria-label=\"Kontaktformular\" novalidate=\"novalidate\" data-status=\"init\">\n<fieldset class=\"hidden-fields-container\"><input type=\"hidden\" name=\"_wpcf7\" value=\"1505\" \/><input type=\"hidden\" name=\"_wpcf7_version\" value=\"6.1.5\" \/><input type=\"hidden\" name=\"_wpcf7_locale\" value=\"de_DE\" \/><input type=\"hidden\" name=\"_wpcf7_unit_tag\" value=\"wpcf7-f1505-o1\" \/><input type=\"hidden\" name=\"_wpcf7_container_post\" value=\"0\" \/><input type=\"hidden\" name=\"_wpcf7_posted_data_hash\" value=\"\" \/><input type=\"hidden\" name=\"_wpcf7_recaptcha_response\" value=\"\" \/>\n<\/fieldset>\n<div class=\"contact-form-main\">\n\t<div class=\"row\">\n\t\t<div class=\"col-12 col-lg-6\">\n\t\t\t<div class=\"control-item\">\n\t\t\t\t<p><label for=\"nome\">Vor- und Nachname (*)<\/label><br \/>\n<span class=\"wpcf7-form-control-wrap\" data-name=\"nome\"><input size=\"40\" maxlength=\"400\" class=\"wpcf7-form-control wpcf7-text wpcf7-validates-as-required form-control\" aria-required=\"true\" aria-invalid=\"false\" value=\"\" type=\"text\" name=\"nome\" \/><\/span>\n\t\t\t\t<\/p>\n\t\t\t<\/div>\n\t\t<\/div>\n\t\t<div class=\"col-12 col-lg-6\">\n\t\t\t<div class=\"control-item\">\n\t\t\t\t<p><label for=\"diving-center\">Tauchzentrum (*)<\/label><br \/>\n<span class=\"wpcf7-form-control-wrap\" data-name=\"diving-center\"><input size=\"40\" maxlength=\"400\" class=\"wpcf7-form-control wpcf7-text wpcf7-validates-as-required form-control\" aria-required=\"true\" aria-invalid=\"false\" value=\"\" type=\"text\" name=\"diving-center\" \/><\/span>\n\t\t\t\t<\/p>\n\t\t\t<\/div>\n\t\t<\/div>\n\t<\/div>\n\t<div class=\"row\">\n\t\t<div class=\"col-12 col-lg-6\">\n\t\t\t<div class=\"control-item\">\n\t\t\t\t<p><label for=\"citta\">Stadt<\/label><br \/>\n<span class=\"wpcf7-form-control-wrap\" data-name=\"citta\"><input size=\"40\" maxlength=\"400\" class=\"wpcf7-form-control wpcf7-text form-control\" aria-invalid=\"false\" value=\"\" type=\"text\" name=\"citta\" \/><\/span>\n\t\t\t\t<\/p>\n\t\t\t<\/div>\n\t\t<\/div>\n\t\t<div class=\"col-12 col-lg-6\">\n\t\t\t<div class=\"control-item\">\n\t\t\t\t<p><label for=\"nazione\">Land<\/label><br \/>\n<span class=\"wpcf7-form-control-wrap\" data-name=\"nazione\"><input size=\"40\" maxlength=\"400\" class=\"wpcf7-form-control wpcf7-text form-control\" aria-invalid=\"false\" value=\"\" type=\"text\" name=\"nazione\" \/><\/span>\n\t\t\t\t<\/p>\n\t\t\t<\/div>\n\t\t<\/div>\n\t<\/div>\n\t<div class=\"row\">\n\t\t<div class=\"col-12 col-lg-12\">\n\t\t\t<div class=\"control-item\">\n\t\t\t\t<p><label for=\"email\">E-Mail (*)<\/label><br \/>\n<span class=\"wpcf7-form-control-wrap\" data-name=\"email\"><input size=\"40\" maxlength=\"400\" class=\"wpcf7-form-control wpcf7-email wpcf7-validates-as-required wpcf7-text wpcf7-validates-as-email form-control\" aria-required=\"true\" aria-invalid=\"false\" value=\"\" type=\"email\" name=\"email\" \/><\/span>\n\t\t\t\t<\/p>\n\t\t\t<\/div>\n\t\t<\/div>\n\t<\/div>\n\t<div class=\"row\">\n\t\t<div class=\"col-12\">\n\t\t\t<div class=\"control-item\">\n\t\t\t\t<p><label for=\"messaggio\">Nachricht<\/label><br \/>\n<span class=\"wpcf7-form-control-wrap\" data-name=\"messaggio\"><textarea cols=\"40\" rows=\"10\" maxlength=\"2000\" class=\"wpcf7-form-control wpcf7-textarea form-control\" aria-invalid=\"false\" name=\"messaggio\"><\/textarea><\/span>\n\t\t\t\t<\/p>\n\t\t\t<\/div>\n\t\t\t<div class=\"form-check form-check-inline mt-3\">\n\t\t\t\t<p><span class=\"wpcf7-form-control-wrap\" data-name=\"acceptance-720\"><span class=\"wpcf7-form-control wpcf7-acceptance\"><span class=\"wpcf7-list-item\"><label><input type=\"checkbox\" name=\"acceptance-720\" value=\"1\" aria-invalid=\"false\" \/><span class=\"wpcf7-list-item-label\">Datenschutz: Ich habe die Datenschutzerkl\u00e4rung gelesen und stimme der Verarbeitung meiner personenbezogenen Daten gem\u00e4\u00df der EU-Verordnung 2016\/679 (DSGVO) zu. Ich erkl\u00e4re, dass ich \u00fcber 16 Jahre alt bin.<\/span><\/label><\/span><\/span><\/span>\n\t\t\t\t<\/p>\n\t\t\t<\/div>\n\t\t\t<div class=\"control-item btn-form mt-4\">\n\t\t\t\t<p><button class=\"pxl-btn btn btn-primary\" type=\"submit\">Senden<\/button>\n\t\t\t\t<\/p>\n\t\t\t<\/div>\n\t\t<\/div>\n\t<\/div>\n<\/div><div class=\"wpcf7-response-output\" aria-hidden=\"true\"><\/div>\n<\/form>\n<\/div>\n<\/div>\n\t\t\t\t\t\t<\/div>\n\t\t\t\t<\/div>\n\t\t\t\t<\/div>\n\t\t<div class=\"elementor-element elementor-element-176f11e5 e-con-full e-flex e-con e-child\" data-id=\"176f11e5\" data-element_type=\"container\" data-e-type=\"container\" data-settings=\"{&quot;_ha_eqh_enable&quot;:false}\">\n\t\t\t\t<div class=\"elementor-element elementor-element-67101fea elementor-widget elementor-widget-heading\" data-id=\"67101fea\" data-element_type=\"widget\" data-e-type=\"widget\" data-widget_type=\"heading.default\">\n\t\t\t\t<div class=\"elementor-widget-container\">\n\t\t\t\t\t<h2 class=\"elementor-heading-title elementor-size-default\">Unser Team steht Ihnen zur Verf\u00fcgung<\/h2>\t\t\t\t<\/div>\n\t\t\t\t<\/div>\n\t\t\t\t<div class=\"elementor-element elementor-element-50369761 elementor-widget elementor-widget-text-editor\" data-id=\"50369761\" data-element_type=\"widget\" data-e-type=\"widget\" data-widget_type=\"text-editor.default\">\n\t\t\t\t<div class=\"elementor-widget-container\">\n\t\t\t\t\t\t\t\t\t<p>Wir beantworten alle Anfragen schnell \u2013 sei es f\u00fcr eine gef\u00fchrte Demo, f\u00fcr Erl\u00e4uterungen zu den Funktionen oder f\u00fcr ein individuelles Projekt.<\/p>\t\t\t\t\t\t\t\t<\/div>\n\t\t\t\t<\/div>\n\t\t\t\t<\/div>\n\t\t\t\t<\/div>\n\t\t<div class=\"elementor-element elementor-element-8576bac e-flex e-con-boxed e-con e-parent\" data-id=\"8576bac\" data-element_type=\"container\" data-e-type=\"container\" data-settings=\"{&quot;_ha_eqh_enable&quot;:false}\">\n\t\t\t\t\t<div class=\"e-con-inner\">\n\t\t<div class=\"elementor-element elementor-element-72d7c05 e-con-full e-flex e-con e-child\" data-id=\"72d7c05\" data-element_type=\"container\" data-e-type=\"container\" data-settings=\"{&quot;_ha_eqh_enable&quot;:false}\">\n\t\t\t\t<div class=\"elementor-element elementor-element-7d4b562 elementor-widget elementor-widget-image\" data-id=\"7d4b562\" data-element_type=\"widget\" data-e-type=\"widget\" data-widget_type=\"image.default\">\n\t\t\t\t<div class=\"elementor-widget-container\">\n\t\t\t\t\t\t\t\t\t\t\t\t\t\t\t\t<a href=\"\/home\/\">\n\t\t\t\t\t\t\t<img fetchpriority=\"high\" decoding=\"async\" width=\"712\" height=\"75\" src=\"https:\/\/www.aquadivepro.com\/wp-content\/uploads\/2025\/12\/aquadivepro_logo-def.png\" class=\"attachment-full size-full wp-image-1539\" alt=\"\" srcset=\"https:\/\/www.aquadivepro.com\/wp-content\/uploads\/2025\/12\/aquadivepro_logo-def.png 712w, https:\/\/www.aquadivepro.com\/wp-content\/uploads\/2025\/12\/aquadivepro_logo-def-300x32.png 300w\" sizes=\"(max-width: 712px) 100vw, 712px\" \/>\t\t\t\t\t\t\t\t<\/a>\n\t\t\t\t\t\t\t\t\t\t\t\t\t\t\t<\/div>\n\t\t\t\t<\/div>\n\t\t\t\t<div class=\"elementor-element elementor-element-e8f6bf9 elementor-widget elementor-widget-text-editor\" data-id=\"e8f6bf9\" data-element_type=\"widget\" data-e-type=\"widget\" data-widget_type=\"text-editor.default\">\n\t\t\t\t<div class=\"elementor-widget-container\">\n\t\t\t\t\t\t\t\t\t<p>Infoelba s.r.l. Einpersonengesellschaft<br \/>Viale Teseo Tesei, 12 \u2013 57037 Portoferraio (LI)<br \/>Insel Elba \u2013 Italien<br \/>USt-IdNr. und Steuernummer: 01130150491<br \/>Stammkapital: \u20ac 10.000,00 voll eingezahlt<br \/>Handelsregister-Nr.: 01130150491<br \/>REA: LI \u2013 100635<\/p>\t\t\t\t\t\t\t\t<\/div>\n\t\t\t\t<\/div>\n\t\t\t\t<\/div>\n\t\t<div class=\"elementor-element elementor-element-41ccfcd e-con-full e-flex e-con e-child\" data-id=\"41ccfcd\" data-element_type=\"container\" data-e-type=\"container\" data-settings=\"{&quot;_ha_eqh_enable&quot;:false}\">\n\t\t\t\t<div class=\"elementor-element elementor-element-f273e97 elementor-widget elementor-widget-heading\" data-id=\"f273e97\" data-element_type=\"widget\" data-e-type=\"widget\" data-widget_type=\"heading.default\">\n\t\t\t\t<div class=\"elementor-widget-container\">\n\t\t\t\t\t<h6 class=\"elementor-heading-title elementor-size-default\">Contatti<\/h6>\t\t\t\t<\/div>\n\t\t\t\t<\/div>\n\t\t\t\t<div class=\"elementor-element elementor-element-665831c elementor-widget elementor-widget-text-editor\" data-id=\"665831c\" data-element_type=\"widget\" data-e-type=\"widget\" data-widget_type=\"text-editor.default\">\n\t\t\t\t<div class=\"elementor-widget-container\">\n\t\t\t\t\t\t\t\t\t<p><a href=\"mailto:sales@aquadivepro.com\">sales@aquadivepro.com<\/a><br \/><br \/><a href=\"http:\/\/www.infoelba.org\" target=\"_blank\" rel=\"noopener\">www.infoelba.org<\/a><br \/><a href=\"http:\/\/www.fastreplysignature.it\" target=\"_blank\" rel=\"noopener\">www.fastreplysignature.it<\/a><\/p>\t\t\t\t\t\t\t\t<\/div>\n\t\t\t\t<\/div>\n\t\t\t\t<\/div>\n\t\t<div class=\"elementor-element elementor-element-9da2b28 e-con-full e-flex e-con e-child\" data-id=\"9da2b28\" data-element_type=\"container\" data-e-type=\"container\" data-settings=\"{&quot;_ha_eqh_enable&quot;:false}\">\n\t\t\t\t<div class=\"elementor-element elementor-element-9390962 elementor-widget elementor-widget-text-editor\" data-id=\"9390962\" data-element_type=\"widget\" data-e-type=\"widget\" data-widget_type=\"text-editor.default\">\n\t\t\t\t<div class=\"elementor-widget-container\">\n\t\t\t\t\t\t\t\t\t<p><a href=\"https:\/\/privacy.infoelba.org\/cookie\/it\/infoelba.org\" target=\"_blank\" rel=\"noopener\">Cookie Policy<\/a><\/p><p><a href=\"https:\/\/privacy.infoelba.org\/privacy\/it\/infoelba.org\" target=\"_blank\" rel=\"noopener\">Privacy Policy<\/a><\/p>\t\t\t\t\t\t\t\t<\/div>\n\t\t\t\t<\/div>\n\t\t\t\t<\/div>\n\t\t\t\t\t<\/div>\n\t\t\t\t<\/div>\n\t\t\t\t<\/div>\n\t\t","protected":false},"excerpt":{"rendered":"<p>Kontakt Informationen oder eine Demo von AquaDivePro anfordern F\u00fcllen Sie das untenstehende Formular aus, um weitere Informationen zur Software zu erhalten und zu erfahren, wie AquaDivePro die Verwaltung Ihres Tauchzentrums vereinfachen kann. Unser Team steht Ihnen zur Verf\u00fcgung Wir beantworten alle Anfragen schnell \u2013 sei es f\u00fcr eine gef\u00fchrte Demo, f\u00fcr Erl\u00e4uterungen zu den Funktionen [&hellip;]<\/p>\n","protected":false},"author":2,"featured_media":0,"parent":0,"menu_order":0,"comment_status":"closed","ping_status":"closed","template":"elementor_header_footer","meta":{"footnotes":""},"class_list":["post-1467","page","type-page","status-publish","hentry"],"_links":{"self":[{"href":"https:\/\/www.aquadivepro.com\/de\/wp-json\/wp\/v2\/pages\/1467","targetHints":{"allow":["GET"]}}],"collection":[{"href":"https:\/\/www.aquadivepro.com\/de\/wp-json\/wp\/v2\/pages"}],"about":[{"href":"https:\/\/www.aquadivepro.com\/de\/wp-json\/wp\/v2\/types\/page"}],"author":[{"embeddable":true,"href":"https:\/\/www.aquadivepro.com\/de\/wp-json\/wp\/v2\/users\/2"}],"replies":[{"embeddable":true,"href":"https:\/\/www.aquadivepro.com\/de\/wp-json\/wp\/v2\/comments?post=1467"}],"version-history":[{"count":9,"href":"https:\/\/www.aquadivepro.com\/de\/wp-json\/wp\/v2\/pages\/1467\/revisions"}],"predecessor-version":[{"id":2674,"href":"https:\/\/www.aquadivepro.com\/de\/wp-json\/wp\/v2\/pages\/1467\/revisions\/2674"}],"wp:attachment":[{"href":"https:\/\/www.aquadivepro.com\/de\/wp-json\/wp\/v2\/media?parent=1467"}],"curies":[{"name":"wp","href":"https:\/\/api.w.org\/{rel}","templated":true}]}}