{"id":1474,"date":"2025-10-15T14:05:35","date_gmt":"2025-10-15T12:05:35","guid":{"rendered":"https:\/\/www.aquadivepro.com\/funzionalita\/foglio-barca-elettronico\/"},"modified":"2026-04-02T14:13:33","modified_gmt":"2026-04-02T12:13:33","slug":"tauchboot-liste","status":"publish","type":"page","link":"https:\/\/www.aquadivepro.com\/de\/funktionen\/tauchboot-liste\/","title":{"rendered":"Tauchboot-Liste"},"content":{"rendered":"\t\t<div data-elementor-type=\"wp-page\" data-elementor-id=\"1474\" class=\"elementor elementor-1474 elementor-1139\" data-elementor-settings=\"{&quot;ha_cmc_init_switcher&quot;:&quot;no&quot;}\">\n\t\t\t\t<div class=\"elementor-element elementor-element-1697ded0 e-con-full e-flex e-con e-parent\" data-id=\"1697ded0\" data-element_type=\"container\" data-e-type=\"container\" data-settings=\"{&quot;_ha_eqh_enable&quot;:false}\">\n\t\t<div class=\"elementor-element elementor-element-5acba789 e-con-full e-flex e-con e-child\" data-id=\"5acba789\" data-element_type=\"container\" data-e-type=\"container\" data-settings=\"{&quot;_ha_eqh_enable&quot;:false}\">\n\t\t\t\t<div class=\"elementor-element elementor-element-40fbea6f elementor-invisible elementor-widget elementor-widget-heading\" data-id=\"40fbea6f\" data-element_type=\"widget\" data-e-type=\"widget\" data-settings=\"{&quot;_animation&quot;:&quot;fadeInUp&quot;}\" data-widget_type=\"heading.default\">\n\t\t\t\t<div class=\"elementor-widget-container\">\n\t\t\t\t\t<h1 class=\"elementor-heading-title elementor-size-default\">Tauchboot-<\/h1>\t\t\t\t<\/div>\n\t\t\t\t<\/div>\n\t\t\t\t<div class=\"elementor-element elementor-element-edeead6 elementor-invisible elementor-widget elementor-widget-heading\" data-id=\"edeead6\" data-element_type=\"widget\" data-e-type=\"widget\" data-settings=\"{&quot;_animation&quot;:&quot;fadeInUp&quot;}\" data-widget_type=\"heading.default\">\n\t\t\t\t<div class=\"elementor-widget-container\">\n\t\t\t\t\t<h1 class=\"elementor-heading-title elementor-size-default\">Dokument<\/h1>\t\t\t\t<\/div>\n\t\t\t\t<\/div>\n\t\t\t\t<\/div>\n\t\t<div class=\"elementor-element elementor-element-2d3bcf2 e-con-full elementor-hidden-mobile e-flex e-con e-child\" data-id=\"2d3bcf2\" data-element_type=\"container\" data-e-type=\"container\" data-settings=\"{&quot;_ha_eqh_enable&quot;:false}\">\n\t\t\t\t<\/div>\n\t\t\t\t<\/div>\n\t\t<div class=\"elementor-element elementor-element-2618316 e-con-full e-flex e-con e-parent\" data-id=\"2618316\" data-element_type=\"container\" data-e-type=\"container\" data-settings=\"{&quot;_ha_eqh_enable&quot;:false}\">\n\t\t<div class=\"elementor-element elementor-element-45043a0 e-con-full e-flex e-con e-child\" data-id=\"45043a0\" data-element_type=\"container\" data-e-type=\"container\" data-settings=\"{&quot;background_background&quot;:&quot;classic&quot;,&quot;_ha_eqh_enable&quot;:false}\">\n\t\t\t\t<div class=\"elementor-element elementor-element-673a280 elementor-widget elementor-widget-image\" data-id=\"673a280\" data-element_type=\"widget\" data-e-type=\"widget\" data-widget_type=\"image.default\">\n\t\t\t\t<div class=\"elementor-widget-container\">\n\t\t\t\t\t\t\t\t\t\t\t\t\t\t\t<img fetchpriority=\"high\" decoding=\"async\" width=\"800\" height=\"600\" src=\"https:\/\/www.aquadivepro.com\/wp-content\/uploads\/2025\/10\/boot-2-1024x768.jpg\" class=\"attachment-large size-large wp-image-1540\" alt=\"Dive boat speeding across open sea with passengers on board, leaving a white wake, coastline in the distance\" srcset=\"https:\/\/www.aquadivepro.com\/wp-content\/uploads\/2025\/10\/boot-2-1024x768.jpg 1024w, https:\/\/www.aquadivepro.com\/wp-content\/uploads\/2025\/10\/boot-2-300x225.jpg 300w, https:\/\/www.aquadivepro.com\/wp-content\/uploads\/2025\/10\/boot-2-768x576.jpg 768w, https:\/\/www.aquadivepro.com\/wp-content\/uploads\/2025\/10\/boot-2-1536x1151.jpg 1536w, https:\/\/www.aquadivepro.com\/wp-content\/uploads\/2025\/10\/boot-2.jpg 1601w\" sizes=\"(max-width: 800px) 100vw, 800px\" \/>\t\t\t\t\t\t\t\t\t\t\t\t\t\t\t<\/div>\n\t\t\t\t<\/div>\n\t\t\t\t<\/div>\n\t\t<div class=\"elementor-element elementor-element-38c7363 e-con-full e-flex e-con e-child\" data-id=\"38c7363\" data-element_type=\"container\" data-e-type=\"container\" data-settings=\"{&quot;_ha_eqh_enable&quot;:false}\">\n\t\t\t\t<div class=\"elementor-element elementor-element-9e90c38 elementor-widget elementor-widget-heading\" data-id=\"9e90c38\" data-element_type=\"widget\" data-e-type=\"widget\" data-widget_type=\"heading.default\">\n\t\t\t\t<div class=\"elementor-widget-container\">\n\t\t\t\t\t<h2 class=\"elementor-heading-title elementor-size-default\">Digitales Anwesenheitsregister f\u00fcr Taucher, Begleitpersonen und Crew<\/h2>\t\t\t\t<\/div>\n\t\t\t\t<\/div>\n\t\t\t\t<div class=\"elementor-element elementor-element-06cffea elementor-widget elementor-widget-text-editor\" data-id=\"06cffea\" data-element_type=\"widget\" data-e-type=\"widget\" data-widget_type=\"text-editor.default\">\n\t\t\t\t<div class=\"elementor-widget-container\">\n\t\t\t\t\t\t\t\t\t<p>Das <strong>Tauchboot-Dokument von AquaDivePro<\/strong> zentralisiert die Verwaltung der Ausfahrten auf See: Mit wenigen Klicks werden <strong>Taucher, Guides und Crew<\/strong> jedem Boot zugewiesen, <strong>das Bord-Anwesenheitsregiste<\/strong>r auf personalisiertem Briefpapier erstellt und die Anzeige oder der Ausdruck auf Tablet oder Smartphone erm\u00f6glicht.<\/p><p>Ein in das \u00d6kosystem der Verwaltungssoftware integriertes Modul, entwickelt f\u00fcr operative Effizienz und Sicherheit.<\/p>\t\t\t\t\t\t\t\t<\/div>\n\t\t\t\t<\/div>\n\t\t\t\t<\/div>\n\t\t\t\t<\/div>\n\t\t<div class=\"elementor-element elementor-element-5c4010b e-con-full e-flex e-con e-parent\" data-id=\"5c4010b\" data-element_type=\"container\" data-e-type=\"container\" data-settings=\"{&quot;_ha_eqh_enable&quot;:false}\">\n\t\t<div class=\"elementor-element elementor-element-6ccf285 e-con-full e-flex e-con e-child\" data-id=\"6ccf285\" data-element_type=\"container\" data-e-type=\"container\" data-settings=\"{&quot;_ha_eqh_enable&quot;:false}\">\n\t\t<div class=\"elementor-element elementor-element-a45b71a e-con-full e-flex e-con e-child\" data-id=\"a45b71a\" data-element_type=\"container\" data-e-type=\"container\" data-settings=\"{&quot;_ha_eqh_enable&quot;:false}\">\n\t\t\t\t<div class=\"elementor-element elementor-element-dae44e2 elementor-widget elementor-widget-heading\" data-id=\"dae44e2\" data-element_type=\"widget\" data-e-type=\"widget\" data-widget_type=\"heading.default\">\n\t\t\t\t<div class=\"elementor-widget-container\">\n\t\t\t\t\t<h2 class=\"elementor-heading-title elementor-size-default\">Vor dem Tauchgang<\/h2>\t\t\t\t<\/div>\n\t\t\t\t<\/div>\n\t\t\t\t<\/div>\n\t\t<div class=\"elementor-element elementor-element-95b27bd e-con-full e-flex e-con e-child\" data-id=\"95b27bd\" data-element_type=\"container\" data-e-type=\"container\" data-settings=\"{&quot;_ha_eqh_enable&quot;:false}\">\n\t\t<div class=\"elementor-element elementor-element-688161d e-con-full e-flex e-con e-child\" data-id=\"688161d\" data-element_type=\"container\" data-e-type=\"container\" data-settings=\"{&quot;_ha_eqh_enable&quot;:false}\">\n\t\t\t\t<div class=\"elementor-element elementor-element-f28401c elementor-widget elementor-widget-image-box\" data-id=\"f28401c\" data-element_type=\"widget\" data-e-type=\"widget\" data-widget_type=\"image-box.default\">\n\t\t\t\t<div class=\"elementor-widget-container\">\n\t\t\t\t\t<div class=\"elementor-image-box-wrapper\"><div class=\"elementor-image-box-content\"><h3 class=\"elementor-image-box-title\">Liste nach Boot und Ausfahrt<\/h3><p class=\"elementor-image-box-description\">Erstellung des Tauchboot-Dokuments nach <strong>Datum und Uhrzeit<\/strong> mit Tauchplatz, zugewiesenem Boot und Crew sowie Rollenverteilung (Kapit\u00e4n, Tauchlehrer, Begleitpersonen).<\/p><\/div><\/div>\t\t\t\t<\/div>\n\t\t\t\t<\/div>\n\t\t\t\t<\/div>\n\t\t<div class=\"elementor-element elementor-element-5e58618 e-con-full e-flex e-con e-child\" data-id=\"5e58618\" data-element_type=\"container\" data-e-type=\"container\" data-settings=\"{&quot;_ha_eqh_enable&quot;:false}\">\n\t\t\t\t<div class=\"elementor-element elementor-element-f3b0d6b elementor-widget elementor-widget-image-box\" data-id=\"f3b0d6b\" data-element_type=\"widget\" data-e-type=\"widget\" data-widget_type=\"image-box.default\">\n\t\t\t\t<div class=\"elementor-widget-container\">\n\t\t\t\t\t<div class=\"elementor-image-box-wrapper\"><div class=\"elementor-image-box-content\"><h3 class=\"elementor-image-box-title\">Auswahl der Teilnehmer<\/h3><p class=\"elementor-image-box-description\">Schnelle, filterbasierte Auswahl der <strong>Tauchteilnehmer<\/strong> und der <strong>relevanten Daten jedes Einzelnen:<\/strong> Vor- und Nachname, Kontakte, absolvierte Tauchg\u00e4nge, Zertifizierungstyp\/-stufe, operative Notizen und besondere Bed\u00fcrfnisse \u2013 alles mit einem Klick.<\/p><\/div><\/div>\t\t\t\t<\/div>\n\t\t\t\t<\/div>\n\t\t\t\t<\/div>\n\t\t<div class=\"elementor-element elementor-element-f466a8b e-con-full e-flex e-con e-child\" data-id=\"f466a8b\" data-element_type=\"container\" data-e-type=\"container\" data-settings=\"{&quot;_ha_eqh_enable&quot;:false}\">\n\t\t\t\t<div class=\"elementor-element elementor-element-f9fc37f elementor-widget elementor-widget-image-box\" data-id=\"f9fc37f\" data-element_type=\"widget\" data-e-type=\"widget\" data-widget_type=\"image-box.default\">\n\t\t\t\t<div class=\"elementor-widget-container\">\n\t\t\t\t\t<div class=\"elementor-image-box-wrapper\"><div class=\"elementor-image-box-content\"><h3 class=\"elementor-image-box-title\">Ausdruck oder digitale Anzeige<\/h3><p class=\"elementor-image-box-description\"><strong>Papierausdruck<\/strong> der \u201eBootsliste\u201c oder des Tauchboot-Dokuments f\u00fcr eventuelle Kontrollen durch die K\u00fcstenwache oder digitale <strong>Anzeige auf Tablet oder Smartphone.<\/strong><\/p><\/div><\/div>\t\t\t\t<\/div>\n\t\t\t\t<\/div>\n\t\t\t\t<\/div>\n\t\t\t\t<\/div>\n\t\t\t\t<\/div>\n\t\t\t\t<\/div>\n\t\t<div class=\"elementor-element elementor-element-954db41 e-con-full e-flex e-con e-parent\" data-id=\"954db41\" data-element_type=\"container\" data-e-type=\"container\" data-settings=\"{&quot;_ha_eqh_enable&quot;:false}\">\n\t\t<div class=\"elementor-element elementor-element-e6ccc62 e-con-full e-flex e-con e-child\" data-id=\"e6ccc62\" data-element_type=\"container\" data-e-type=\"container\" data-settings=\"{&quot;_ha_eqh_enable&quot;:false}\">\n\t\t<div class=\"elementor-element elementor-element-91fcad9 e-con-full e-flex e-con e-child\" data-id=\"91fcad9\" data-element_type=\"container\" data-e-type=\"container\" data-settings=\"{&quot;_ha_eqh_enable&quot;:false}\">\n\t\t<div class=\"elementor-element elementor-element-79650fa e-con-full e-flex e-con e-child\" data-id=\"79650fa\" data-element_type=\"container\" data-e-type=\"container\" data-settings=\"{&quot;_ha_eqh_enable&quot;:false}\">\n\t\t\t\t<div class=\"elementor-element elementor-element-546ca19 elementor-widget elementor-widget-image-box\" data-id=\"546ca19\" data-element_type=\"widget\" data-e-type=\"widget\" data-widget_type=\"image-box.default\">\n\t\t\t\t<div class=\"elementor-widget-container\">\n\t\t\t\t\t<div class=\"elementor-image-box-wrapper\"><div class=\"elementor-image-box-content\"><h3 class=\"elementor-image-box-title\">Ansicht des Tauchboot-Dokuments<\/h3><p class=\"elementor-image-box-description\">Die Ansicht des Tauchboot-Dokuments ist f\u00fcr Smartphones optimiert, sodass Crew und Kapit\u00e4n jederzeit die zugewiesene Taucherliste im Blick haben.<\/p><\/div><\/div>\t\t\t\t<\/div>\n\t\t\t\t<\/div>\n\t\t\t\t<\/div>\n\t\t<div class=\"elementor-element elementor-element-985689d e-con-full e-flex e-con e-child\" data-id=\"985689d\" data-element_type=\"container\" data-e-type=\"container\" data-settings=\"{&quot;_ha_eqh_enable&quot;:false}\">\n\t\t\t\t<div class=\"elementor-element elementor-element-add62de elementor-widget elementor-widget-image-box\" data-id=\"add62de\" data-element_type=\"widget\" data-e-type=\"widget\" data-widget_type=\"image-box.default\">\n\t\t\t\t<div class=\"elementor-widget-container\">\n\t\t\t\t\t<div class=\"elementor-image-box-wrapper\"><div class=\"elementor-image-box-content\"><h3 class=\"elementor-image-box-title\">Gedruckte Liste<\/h3><p class=\"elementor-image-box-description\">In der gedruckten Version sind folgende Daten enthalten:\n\n<ul><li>Kundenname<\/li><li>Zertifizierungsstufe<\/li><li>Erfahrung (Anzahl der durchgef\u00fchrten Tauchg\u00e4nge)<\/li><li>Gruppenzugeh\u00f6rigkeit<\/li><li>Anzahl der f\u00fcr die Ausfahrt geplanten\/durchgef\u00fchrten Tauchg\u00e4nge<\/li>\n<li>Liste der ben\u00f6tigten Leihausr\u00fcstung mit Gr\u00f6\u00dfenangaben<\/li><\/ul><\/p><\/div><\/div>\t\t\t\t<\/div>\n\t\t\t\t<\/div>\n\t\t\t\t<\/div>\n\t\t<div class=\"elementor-element elementor-element-d3871fc e-con-full e-flex e-con e-child\" data-id=\"d3871fc\" data-element_type=\"container\" data-e-type=\"container\" data-settings=\"{&quot;_ha_eqh_enable&quot;:false}\">\n\t\t\t\t<div class=\"elementor-element elementor-element-065d6ef elementor-widget elementor-widget-image-box\" data-id=\"065d6ef\" data-element_type=\"widget\" data-e-type=\"widget\" data-widget_type=\"image-box.default\">\n\t\t\t\t<div class=\"elementor-widget-container\">\n\t\t\t\t\t<div class=\"elementor-image-box-wrapper\"><div class=\"elementor-image-box-content\"><h3 class=\"elementor-image-box-title\">Auf dem Mobilger\u00e4t verf\u00fcgbare Ansichten<\/h3><p class=\"elementor-image-box-description\"><ul><li><strong>Ausr\u00fcstung<\/strong>: \u00dcbersicht der f\u00fcr den Tauchgang vorzubereitenden Ausr\u00fcstung (Menge, Gr\u00f6\u00dfe und zugewiesene Person)<\/li>\n<li><strong>Crew<\/strong>: Angabe von Kapit\u00e4n, Guide, Crew und Tauchlehrer<\/li>\n<li><strong>Karte<\/strong>: Darstellung des Tauchplatzes auf einer Karte<\/li><\/ul><\/p><\/div><\/div>\t\t\t\t<\/div>\n\t\t\t\t<\/div>\n\t\t\t\t<\/div>\n\t\t\t\t<\/div>\n\t\t\t\t<\/div>\n\t\t\t\t<\/div>\n\t\t<div class=\"elementor-element elementor-element-9fee61b e-con-full e-flex e-con e-parent\" data-id=\"9fee61b\" data-element_type=\"container\" data-e-type=\"container\" data-settings=\"{&quot;_ha_eqh_enable&quot;:false}\">\n\t\t<div class=\"elementor-element elementor-element-6238765 e-con-full e-flex e-con e-child\" data-id=\"6238765\" data-element_type=\"container\" data-e-type=\"container\" data-settings=\"{&quot;_ha_eqh_enable&quot;:false}\">\n\t\t<div class=\"elementor-element elementor-element-5764da0 e-con-full e-flex e-con e-child\" data-id=\"5764da0\" data-element_type=\"container\" data-e-type=\"container\" data-settings=\"{&quot;_ha_eqh_enable&quot;:false}\">\n\t\t\t\t<div class=\"elementor-element elementor-element-312faa0 elementor-widget elementor-widget-heading\" data-id=\"312faa0\" data-element_type=\"widget\" data-e-type=\"widget\" data-widget_type=\"heading.default\">\n\t\t\t\t<div class=\"elementor-widget-container\">\n\t\t\t\t\t<h2 class=\"elementor-heading-title elementor-size-default\">Nach dem Tauchgang<\/h2>\t\t\t\t<\/div>\n\t\t\t\t<\/div>\n\t\t\t\t<\/div>\n\t\t<div class=\"elementor-element elementor-element-762e7a2 e-con-full e-flex e-con e-child\" data-id=\"762e7a2\" data-element_type=\"container\" data-e-type=\"container\" data-settings=\"{&quot;_ha_eqh_enable&quot;:false}\">\n\t\t<div class=\"elementor-element elementor-element-b14e0d1 e-con-full e-flex e-con e-child\" data-id=\"b14e0d1\" data-element_type=\"container\" data-e-type=\"container\" data-settings=\"{&quot;_ha_eqh_enable&quot;:false}\">\n\t\t\t\t<div class=\"elementor-element elementor-element-c78ba14 elementor-widget elementor-widget-image-box\" data-id=\"c78ba14\" data-element_type=\"widget\" data-e-type=\"widget\" data-widget_type=\"image-box.default\">\n\t\t\t\t<div class=\"elementor-widget-container\">\n\t\t\t\t\t<div class=\"elementor-image-box-wrapper\"><div class=\"elementor-image-box-content\"><h3 class=\"elementor-image-box-title\">Ausdruck oder digitale Anzeige<\/h3><p class=\"elementor-image-box-description\">Nach der R\u00fcckkehr des Bootes k\u00f6nnen alle Kunden (oder einzeln) <strong>ausgew\u00e4hlt<\/strong> und der <strong>Tauchgang sowie eventuell ausgeliehene Ausr\u00fcstung f\u00fcr jeden Teilnehmer<\/strong> \u2013 auch gesammelt und mit einem einzigen Klick \u2013 verbucht werden.\n\n<br> <br> Wenn ein Teilnehmer den Tauchgang nicht durchgef\u00fchrt hat, gen\u00fcgt es, das entsprechende K\u00e4stchen zu deaktivieren: Der Vorgang wird nicht verbucht. Dasselbe gilt f\u00fcr einzelne Ausr\u00fcstungsgegenst\u00e4nde, die nicht verwendet wurden.\n\n<br> <br>F\u00fcr jeden Teilnehmer k\u00f6nnen <strong>vertrauliche Notizen<\/strong> hinzugef\u00fcgt werden, die nur f\u00fcr den Guide beim n\u00e4chsten Tauchgang sichtbar sind. Die Notizen k\u00f6nnen auch den Grund f\u00fcr den nicht durchgef\u00fchrten Tauchgang angeben und bleiben mit dem Kundenprofil verkn\u00fcpft.<\/p><\/div><\/div>\t\t\t\t<\/div>\n\t\t\t\t<\/div>\n\t\t\t\t<\/div>\n\t\t\t\t<\/div>\n\t\t\t\t<\/div>\n\t\t\t\t<\/div>\n\t\t<div class=\"elementor-element elementor-element-9aaf71d e-con-full e-flex e-con e-parent\" data-id=\"9aaf71d\" data-element_type=\"container\" data-e-type=\"container\" data-settings=\"{&quot;_ha_eqh_enable&quot;:false}\">\n\t\t<div class=\"elementor-element elementor-element-32c388a e-con-full e-flex e-con e-child\" data-id=\"32c388a\" data-element_type=\"container\" data-e-type=\"container\" data-settings=\"{&quot;background_background&quot;:&quot;classic&quot;,&quot;_ha_eqh_enable&quot;:false}\">\n\t\t\t\t<\/div>\n\t\t<div class=\"elementor-element elementor-element-cd32b6c e-con-full e-flex e-con e-child\" data-id=\"cd32b6c\" data-element_type=\"container\" data-e-type=\"container\" data-settings=\"{&quot;_ha_eqh_enable&quot;:false}\">\n\t\t\t\t<div class=\"elementor-element elementor-element-54712d5 elementor-widget elementor-widget-heading\" data-id=\"54712d5\" data-element_type=\"widget\" data-e-type=\"widget\" data-widget_type=\"heading.default\">\n\t\t\t\t<div class=\"elementor-widget-container\">\n\t\t\t\t\t<h2 class=\"elementor-heading-title elementor-size-default\">Vorteile des Tauchboot-Dokuments<\/h2>\t\t\t\t<\/div>\n\t\t\t\t<\/div>\n\t\t\t\t<div class=\"elementor-element elementor-element-3b19ba4 elementor-widget elementor-widget-text-editor\" data-id=\"3b19ba4\" data-element_type=\"widget\" data-e-type=\"widget\" data-widget_type=\"text-editor.default\">\n\t\t\t\t<div class=\"elementor-widget-container\">\n\t\t\t\t\t\t\t\t\t<p>Die <strong>Digitalisierung<\/strong> eliminiert das manuelle Ausf\u00fcllen von Einschifflisten und Bordb\u00fcchern. Das Modul <strong>automatisiert die Erstellung der Dokumente, reduziert Fehler und verbessert die<\/strong> organisatorische Genauigkeit vor jeder Ausfahrt.<\/p><ul><li><strong>Vollst\u00e4ndiges Anwesenheitsregister:<\/strong> klare Erfassung aller Personen an Bord (Taucher, Begleitpersonen, Tauchlehrer\/Crew).<\/li><li><strong>Schneller Betrieb:<\/strong> sofortige Zuordnung der Kunden zu geplanten Tauchg\u00e4ngen direkt aus dem Verwaltungssystem.<\/li><li><strong>Nachvollziehbarkeit:<\/strong> Historie der Ausfahrten mit Teilnehmer- und Crewlisten f\u00fcr sp\u00e4tere Nachfragen.<\/li><li><strong>Qualit\u00e4t des Erlebnisses:<\/strong> mehr Zeit f\u00fcr G\u00e4ste, weniger B\u00fcrokratie und verstreute Unterlagen.<\/li><\/ul>\t\t\t\t\t\t\t\t<\/div>\n\t\t\t\t<\/div>\n\t\t\t\t<\/div>\n\t\t\t\t<\/div>\n\t\t<div class=\"elementor-element elementor-element-8576bac e-flex e-con-boxed e-con e-parent\" data-id=\"8576bac\" data-element_type=\"container\" data-e-type=\"container\" data-settings=\"{&quot;_ha_eqh_enable&quot;:false}\">\n\t\t\t\t\t<div class=\"e-con-inner\">\n\t\t<div class=\"elementor-element elementor-element-72d7c05 e-con-full e-flex e-con e-child\" data-id=\"72d7c05\" data-element_type=\"container\" data-e-type=\"container\" data-settings=\"{&quot;_ha_eqh_enable&quot;:false}\">\n\t\t\t\t<div class=\"elementor-element elementor-element-7d4b562 elementor-widget elementor-widget-image\" data-id=\"7d4b562\" data-element_type=\"widget\" data-e-type=\"widget\" data-widget_type=\"image.default\">\n\t\t\t\t<div class=\"elementor-widget-container\">\n\t\t\t\t\t\t\t\t\t\t\t\t\t\t\t\t<a href=\"\/home\/\">\n\t\t\t\t\t\t\t<img decoding=\"async\" width=\"712\" height=\"75\" src=\"https:\/\/www.aquadivepro.com\/wp-content\/uploads\/2025\/12\/aquadivepro_logo-def.png\" class=\"attachment-full size-full wp-image-1539\" alt=\"\" srcset=\"https:\/\/www.aquadivepro.com\/wp-content\/uploads\/2025\/12\/aquadivepro_logo-def.png 712w, https:\/\/www.aquadivepro.com\/wp-content\/uploads\/2025\/12\/aquadivepro_logo-def-300x32.png 300w\" sizes=\"(max-width: 712px) 100vw, 712px\" \/>\t\t\t\t\t\t\t\t<\/a>\n\t\t\t\t\t\t\t\t\t\t\t\t\t\t\t<\/div>\n\t\t\t\t<\/div>\n\t\t\t\t<div class=\"elementor-element elementor-element-e8f6bf9 elementor-widget elementor-widget-text-editor\" data-id=\"e8f6bf9\" data-element_type=\"widget\" data-e-type=\"widget\" data-widget_type=\"text-editor.default\">\n\t\t\t\t<div class=\"elementor-widget-container\">\n\t\t\t\t\t\t\t\t\t<p>Infoelba s.r.l. Einpersonengesellschaft<br \/>Viale Teseo Tesei, 12 \u2013 57037 Portoferraio (LI)<br \/>Insel Elba \u2013 Italien<br \/>USt-IdNr. und Steuernummer: 01130150491<br \/>Stammkapital: \u20ac 10.000,00 voll eingezahlt<br \/>Handelsregister-Nr.: 01130150491<br \/>REA: LI \u2013 100635<\/p>\t\t\t\t\t\t\t\t<\/div>\n\t\t\t\t<\/div>\n\t\t\t\t<\/div>\n\t\t<div class=\"elementor-element elementor-element-41ccfcd e-con-full e-flex e-con e-child\" data-id=\"41ccfcd\" data-element_type=\"container\" data-e-type=\"container\" data-settings=\"{&quot;_ha_eqh_enable&quot;:false}\">\n\t\t\t\t<div class=\"elementor-element elementor-element-f273e97 elementor-widget elementor-widget-heading\" data-id=\"f273e97\" data-element_type=\"widget\" data-e-type=\"widget\" data-widget_type=\"heading.default\">\n\t\t\t\t<div class=\"elementor-widget-container\">\n\t\t\t\t\t<h6 class=\"elementor-heading-title elementor-size-default\">Contatti<\/h6>\t\t\t\t<\/div>\n\t\t\t\t<\/div>\n\t\t\t\t<div class=\"elementor-element elementor-element-665831c elementor-widget elementor-widget-text-editor\" data-id=\"665831c\" data-element_type=\"widget\" data-e-type=\"widget\" data-widget_type=\"text-editor.default\">\n\t\t\t\t<div class=\"elementor-widget-container\">\n\t\t\t\t\t\t\t\t\t<p><a href=\"mailto:sales@aquadivepro.com\">sales@aquadivepro.com<\/a><br \/><br \/><a href=\"http:\/\/www.infoelba.org\" target=\"_blank\" rel=\"noopener\">www.infoelba.org<\/a><br \/><a href=\"http:\/\/www.fastreplysignature.it\" target=\"_blank\" rel=\"noopener\">www.fastreplysignature.it<\/a><\/p>\t\t\t\t\t\t\t\t<\/div>\n\t\t\t\t<\/div>\n\t\t\t\t<\/div>\n\t\t<div class=\"elementor-element elementor-element-9da2b28 e-con-full e-flex e-con e-child\" data-id=\"9da2b28\" data-element_type=\"container\" data-e-type=\"container\" data-settings=\"{&quot;_ha_eqh_enable&quot;:false}\">\n\t\t\t\t<div class=\"elementor-element elementor-element-9390962 elementor-widget elementor-widget-text-editor\" data-id=\"9390962\" data-element_type=\"widget\" data-e-type=\"widget\" data-widget_type=\"text-editor.default\">\n\t\t\t\t<div class=\"elementor-widget-container\">\n\t\t\t\t\t\t\t\t\t<p><a href=\"https:\/\/privacy.infoelba.org\/cookie\/it\/infoelba.org\" target=\"_blank\" rel=\"noopener\">Cookie Policy<\/a><\/p><p><a href=\"https:\/\/privacy.infoelba.org\/privacy\/it\/infoelba.org\" target=\"_blank\" rel=\"noopener\">Privacy Policy<\/a><\/p>\t\t\t\t\t\t\t\t<\/div>\n\t\t\t\t<\/div>\n\t\t\t\t<\/div>\n\t\t\t\t\t<\/div>\n\t\t\t\t<\/div>\n\t\t\t\t<\/div>\n\t\t","protected":false},"excerpt":{"rendered":"<p>Tauchboot- Dokument Digitales Anwesenheitsregister f\u00fcr Taucher, Begleitpersonen und Crew Das Tauchboot-Dokument von AquaDivePro zentralisiert die Verwaltung der Ausfahrten auf See: Mit wenigen Klicks werden Taucher, Guides und Crew jedem Boot zugewiesen, das Bord-Anwesenheitsregister auf personalisiertem Briefpapier erstellt und die Anzeige oder der Ausdruck auf Tablet oder Smartphone erm\u00f6glicht. Ein in das \u00d6kosystem der Verwaltungssoftware integriertes [&hellip;]<\/p>\n","protected":false},"author":2,"featured_media":0,"parent":2584,"menu_order":0,"comment_status":"closed","ping_status":"closed","template":"elementor_header_footer","meta":{"footnotes":""},"class_list":["post-1474","page","type-page","status-publish","hentry"],"_links":{"self":[{"href":"https:\/\/www.aquadivepro.com\/de\/wp-json\/wp\/v2\/pages\/1474","targetHints":{"allow":["GET"]}}],"collection":[{"href":"https:\/\/www.aquadivepro.com\/de\/wp-json\/wp\/v2\/pages"}],"about":[{"href":"https:\/\/www.aquadivepro.com\/de\/wp-json\/wp\/v2\/types\/page"}],"author":[{"embeddable":true,"href":"https:\/\/www.aquadivepro.com\/de\/wp-json\/wp\/v2\/users\/2"}],"replies":[{"embeddable":true,"href":"https:\/\/www.aquadivepro.com\/de\/wp-json\/wp\/v2\/comments?post=1474"}],"version-history":[{"count":14,"href":"https:\/\/www.aquadivepro.com\/de\/wp-json\/wp\/v2\/pages\/1474\/revisions"}],"predecessor-version":[{"id":2672,"href":"https:\/\/www.aquadivepro.com\/de\/wp-json\/wp\/v2\/pages\/1474\/revisions\/2672"}],"up":[{"embeddable":true,"href":"https:\/\/www.aquadivepro.com\/de\/wp-json\/wp\/v2\/pages\/2584"}],"wp:attachment":[{"href":"https:\/\/www.aquadivepro.com\/de\/wp-json\/wp\/v2\/media?parent=1474"}],"curies":[{"name":"wp","href":"https:\/\/api.w.org\/{rel}","templated":true}]}}