{"id":3444,"date":"2025-09-17T11:54:35","date_gmt":"2025-09-17T09:54:35","guid":{"rendered":"https:\/\/www.aquadivepro.com\/contatti\/"},"modified":"2026-05-08T13:50:08","modified_gmt":"2026-05-08T11:50:08","slug":"contactos","status":"publish","type":"page","link":"https:\/\/www.aquadivepro.com\/es\/contactos\/","title":{"rendered":"Contactos"},"content":{"rendered":"\t\t<div data-elementor-type=\"wp-page\" data-elementor-id=\"3444\" class=\"elementor elementor-3444 elementor-658\" data-elementor-settings=\"{&quot;ha_cmc_init_switcher&quot;:&quot;no&quot;}\">\n\t\t\t\t<div class=\"elementor-element elementor-element-1697ded0 e-con-full e-flex e-con e-parent\" data-id=\"1697ded0\" data-element_type=\"container\" data-e-type=\"container\" data-settings=\"{&quot;_ha_eqh_enable&quot;:false}\">\n\t\t\t\t<div class=\"elementor-element elementor-element-5d57c31 elementor-widget__width-inherit elementor-widget elementor-widget-heading\" data-id=\"5d57c31\" data-element_type=\"widget\" data-e-type=\"widget\" data-widget_type=\"heading.default\">\n\t\t\t\t<div class=\"elementor-widget-container\">\n\t\t\t\t\t<span class=\"elementor-heading-title elementor-size-default\">Contactos<\/span>\t\t\t\t<\/div>\n\t\t\t\t<\/div>\n\t\t\t\t<\/div>\n\t\t<div class=\"elementor-element elementor-element-6b21c9b7 e-con-full e-flex e-con e-parent\" data-id=\"6b21c9b7\" data-element_type=\"container\" data-e-type=\"container\" data-settings=\"{&quot;_ha_eqh_enable&quot;:false}\">\n\t\t<div class=\"elementor-element elementor-element-2d2fd175 e-con-full e-flex e-con e-child\" data-id=\"2d2fd175\" data-element_type=\"container\" data-e-type=\"container\" data-settings=\"{&quot;background_background&quot;:&quot;classic&quot;,&quot;_ha_eqh_enable&quot;:false}\">\n\t\t\t\t<div class=\"elementor-element elementor-element-44c4f3d elementor-widget elementor-widget-heading\" data-id=\"44c4f3d\" data-element_type=\"widget\" data-e-type=\"widget\" data-widget_type=\"heading.default\">\n\t\t\t\t<div class=\"elementor-widget-container\">\n\t\t\t\t\t<h2 class=\"elementor-heading-title elementor-size-default\">Solicita informaci\u00f3n o una demo de AquaDivePro<\/h2>\t\t\t\t<\/div>\n\t\t\t\t<\/div>\n\t\t\t\t<div class=\"elementor-element elementor-element-b6f1206 elementor-widget elementor-widget-text-editor\" data-id=\"b6f1206\" data-element_type=\"widget\" data-e-type=\"widget\" data-widget_type=\"text-editor.default\">\n\t\t\t\t<div class=\"elementor-widget-container\">\n\t\t\t\t\t\t\t\t\t<p data-start=\"160\" data-end=\"321\">Rellena el siguiente formulario para recibir m\u00e1s informaci\u00f3n sobre el software y descubrir c\u00f3mo AquaDivePro puede simplificar la gesti\u00f3n de tu centro de buceo.<\/p><p data-start=\"323\" data-end=\"351\">\u00a0<\/p>\t\t\t\t\t\t\t\t<\/div>\n\t\t\t\t<\/div>\n\t\t\t\t<div class=\"elementor-element elementor-element-13f0f8a elementor-widget elementor-widget-shortcode\" data-id=\"13f0f8a\" data-element_type=\"widget\" data-e-type=\"widget\" data-widget_type=\"shortcode.default\">\n\t\t\t\t<div class=\"elementor-widget-container\">\n\t\t\t\t\t\t\t<div class=\"elementor-shortcode\"><p class=\"wpcf7-contact-form-not-found\"><strong>Error:<\/strong> Formulario de contacto no encontrado.<\/p><\/div>\n\t\t\t\t\t\t<\/div>\n\t\t\t\t<\/div>\n\t\t\t\t<\/div>\n\t\t<div class=\"elementor-element elementor-element-176f11e5 e-con-full e-flex e-con e-child\" data-id=\"176f11e5\" data-element_type=\"container\" data-e-type=\"container\" data-settings=\"{&quot;_ha_eqh_enable&quot;:false}\">\n\t\t\t\t<div class=\"elementor-element elementor-element-67101fea elementor-widget elementor-widget-heading\" data-id=\"67101fea\" data-element_type=\"widget\" data-e-type=\"widget\" data-widget_type=\"heading.default\">\n\t\t\t\t<div class=\"elementor-widget-container\">\n\t\t\t\t\t<h2 class=\"elementor-heading-title elementor-size-default\">Nuestro equipo est\u00e1 a tu disposici\u00f3n<\/h2>\t\t\t\t<\/div>\n\t\t\t\t<\/div>\n\t\t\t\t<div class=\"elementor-element elementor-element-50369761 elementor-widget elementor-widget-text-editor\" data-id=\"50369761\" data-element_type=\"widget\" data-e-type=\"widget\" data-widget_type=\"text-editor.default\">\n\t\t\t\t<div class=\"elementor-widget-container\">\n\t\t\t\t\t\t\t\t\t<p data-start=\"666\" data-end=\"812\">Respondemos r\u00e1pidamente a todas las solicitudes: ya sea para una demo guiada, aclaraciones sobre las funcionalidades o proyectos personalizados.<\/p>\t\t\t\t\t\t\t\t<\/div>\n\t\t\t\t<\/div>\n\t\t\t\t<\/div>\n\t\t\t\t<\/div>\n\t\t<div class=\"elementor-element elementor-element-3fedffc e-flex e-con-boxed e-con e-parent\" data-id=\"3fedffc\" data-element_type=\"container\" data-e-type=\"container\" data-settings=\"{&quot;_ha_eqh_enable&quot;:false}\">\n\t\t\t\t\t<div class=\"e-con-inner\">\n\t\t<div class=\"elementor-element elementor-element-8e932cf e-con-full e-flex e-con e-child\" data-id=\"8e932cf\" data-element_type=\"container\" data-e-type=\"container\" data-settings=\"{&quot;_ha_eqh_enable&quot;:false}\">\n\t\t\t\t<div class=\"elementor-element elementor-element-f2f6cc3 elementor-widget elementor-widget-image\" data-id=\"f2f6cc3\" data-element_type=\"widget\" data-e-type=\"widget\" data-widget_type=\"image.default\">\n\t\t\t\t<div class=\"elementor-widget-container\">\n\t\t\t\t\t\t\t\t\t\t\t\t\t\t\t\t<a href=\"\/home\/\">\n\t\t\t\t\t\t\t<img fetchpriority=\"high\" decoding=\"async\" width=\"712\" height=\"75\" src=\"https:\/\/www.aquadivepro.com\/wp-content\/uploads\/2025\/12\/aquadivepro_logo-def.png\" class=\"attachment-full size-full wp-image-3434\" alt=\"\" srcset=\"https:\/\/www.aquadivepro.com\/wp-content\/uploads\/2025\/12\/aquadivepro_logo-def.png 712w, https:\/\/www.aquadivepro.com\/wp-content\/uploads\/2025\/12\/aquadivepro_logo-def-300x32.png 300w\" sizes=\"(max-width: 712px) 100vw, 712px\" \/>\t\t\t\t\t\t\t\t<\/a>\n\t\t\t\t\t\t\t\t\t\t\t\t\t\t\t<\/div>\n\t\t\t\t<\/div>\n\t\t\t\t<div class=\"elementor-element elementor-element-1a3f2e6 elementor-widget elementor-widget-text-editor\" data-id=\"1a3f2e6\" data-element_type=\"widget\" data-e-type=\"widget\" data-widget_type=\"text-editor.default\">\n\t\t\t\t<div class=\"elementor-widget-container\">\n\t\t\t\t\t\t\t\t\t<p data-start=\"814\" data-end=\"921\">Infoelba s.r.l. Unipersonal<br data-start=\"845\" data-end=\"848\" \/>Viale Teseo Tesei, 12 \u2013 57037 Portoferraio (LI)<br data-start=\"895\" data-end=\"898\" \/>Isla de Elba \u2013 ItaliaNIF \/ CIF: 01130150491<br data-start=\"945\" data-end=\"948\" \/>Capital social: 10.000,00 \u20ac totalmente desembolsado<br data-start=\"999\" data-end=\"1002\" \/>Registro de empresas: 01130150491<br data-start=\"1035\" data-end=\"1038\" \/>REA: LI \u2013 100635<\/p>\t\t\t\t\t\t\t\t<\/div>\n\t\t\t\t<\/div>\n\t\t\t\t<\/div>\n\t\t<div class=\"elementor-element elementor-element-a2d342f e-con-full e-flex e-con e-child\" data-id=\"a2d342f\" data-element_type=\"container\" data-e-type=\"container\" data-settings=\"{&quot;_ha_eqh_enable&quot;:false}\">\n\t\t\t\t<div class=\"elementor-element elementor-element-1921591 elementor-widget elementor-widget-text-editor\" data-id=\"1921591\" data-element_type=\"widget\" data-e-type=\"widget\" data-widget_type=\"text-editor.default\">\n\t\t\t\t<div class=\"elementor-widget-container\">\n\t\t\t\t\t\t\t\t\t<h6>AquaDivePro es un software de gesti\u00f3n en la nube y multiling\u00fce para centros de buceo<\/h6>\t\t\t\t\t\t\t\t<\/div>\n\t\t\t\t<\/div>\n\t\t\t\t<div class=\"elementor-element elementor-element-e34d3c9 elementor-widget elementor-widget-heading\" data-id=\"e34d3c9\" data-element_type=\"widget\" data-e-type=\"widget\" data-widget_type=\"heading.default\">\n\t\t\t\t<div class=\"elementor-widget-container\">\n\t\t\t\t\t<h6 class=\"elementor-heading-title elementor-size-default\">Contactos<\/h6>\t\t\t\t<\/div>\n\t\t\t\t<\/div>\n\t\t\t\t<div class=\"elementor-element elementor-element-ddbb0f4 elementor-widget elementor-widget-text-editor\" data-id=\"ddbb0f4\" data-element_type=\"widget\" data-e-type=\"widget\" data-widget_type=\"text-editor.default\">\n\t\t\t\t<div class=\"elementor-widget-container\">\n\t\t\t\t\t\t\t\t\t<p><a href=\"mailto:sales@aquadivepro.com\">sales@aquadivepro.com<\/a><br \/><br \/><a href=\"http:\/\/www.infoelba.org\" target=\"_blank\" rel=\"noopener\">www.infoelba.org<\/a><br \/><a href=\"http:\/\/www.fastreplysignature.it\" target=\"_blank\" rel=\"noopener\">www.fastreplysignature.it<\/a><\/p>\t\t\t\t\t\t\t\t<\/div>\n\t\t\t\t<\/div>\n\t\t\t\t<\/div>\n\t\t<div class=\"elementor-element elementor-element-a0f2a83 e-con-full e-flex e-con e-child\" data-id=\"a0f2a83\" data-element_type=\"container\" data-e-type=\"container\" data-settings=\"{&quot;_ha_eqh_enable&quot;:false}\">\n\t\t\t\t<div class=\"elementor-element elementor-element-972a775 elementor-widget elementor-widget-heading\" data-id=\"972a775\" data-element_type=\"widget\" data-e-type=\"widget\" data-widget_type=\"heading.default\">\n\t\t\t\t<div class=\"elementor-widget-container\">\n\t\t\t\t\t<h6 class=\"elementor-heading-title elementor-size-default\">Descubre la suite FastReply<\/h6>\t\t\t\t<\/div>\n\t\t\t\t<\/div>\n\t\t\t\t<div class=\"elementor-element elementor-element-0263119 elementor-widget elementor-widget-text-editor\" data-id=\"0263119\" data-element_type=\"widget\" data-e-type=\"widget\" data-widget_type=\"text-editor.default\">\n\t\t\t\t<div class=\"elementor-widget-container\">\n\t\t\t\t\t\t\t\t\t<ul><li><a href=\"https:\/\/www.fastreplysignature.it\/es\/\" target=\"_blank\" rel=\"noopener\">FastReply Signature \u2013 Firma digitale dei documenti<\/a><\/li><li><a href=\"https:\/\/www.fastreplymail.it\/en\/fastreplyrewards\/\" target=\"_blank\" rel=\"noopener\">FastReply Reward \u2013 Programmi di fidelizzazione<\/a><\/li><li><a href=\"https:\/\/www.fastreplymail.it\/en\/fastreplysurvey\/\" target=\"_blank\" rel=\"noopener\">FastReply Survey \u2013 Sondaggi online<\/a><\/li><\/ul>\t\t\t\t\t\t\t\t<\/div>\n\t\t\t\t<\/div>\n\t\t\t\t<div class=\"elementor-element elementor-element-5b7bfc2 elementor-widget elementor-widget-text-editor\" data-id=\"5b7bfc2\" data-element_type=\"widget\" data-e-type=\"widget\" data-widget_type=\"text-editor.default\">\n\t\t\t\t<div class=\"elementor-widget-container\">\n\t\t\t\t\t\t\t\t\t<p><a href=\"https:\/\/privacy.infoelba.org\/cookie\/it\/infoelba.org\" target=\"_blank\" rel=\"noopener\">Cookie Policy<\/a><\/p><p><a href=\"https:\/\/privacy.infoelba.org\/privacy\/it\/infoelba.org\" target=\"_blank\" rel=\"noopener\">Privacy Policy<\/a><\/p>\t\t\t\t\t\t\t\t<\/div>\n\t\t\t\t<\/div>\n\t\t\t\t<\/div>\n\t\t\t\t\t<\/div>\n\t\t\t\t<\/div>\n\t\t\t\t<\/div>\n\t\t","protected":false},"excerpt":{"rendered":"<p>Contactos Solicita informaci\u00f3n o una demo de AquaDivePro Rellena el siguiente formulario para recibir m\u00e1s informaci\u00f3n sobre el software y descubrir c\u00f3mo AquaDivePro puede simplificar la gesti\u00f3n de tu centro de buceo. \u00a0 Nuestro equipo est\u00e1 a tu disposici\u00f3n Respondemos r\u00e1pidamente a todas las solicitudes: ya sea para una demo guiada, aclaraciones sobre las funcionalidades [&hellip;]<\/p>\n","protected":false},"author":2,"featured_media":0,"parent":0,"menu_order":0,"comment_status":"closed","ping_status":"closed","template":"elementor_header_footer","meta":{"footnotes":""},"class_list":["post-3444","page","type-page","status-publish","hentry"],"_links":{"self":[{"href":"https:\/\/www.aquadivepro.com\/es\/wp-json\/wp\/v2\/pages\/3444","targetHints":{"allow":["GET"]}}],"collection":[{"href":"https:\/\/www.aquadivepro.com\/es\/wp-json\/wp\/v2\/pages"}],"about":[{"href":"https:\/\/www.aquadivepro.com\/es\/wp-json\/wp\/v2\/types\/page"}],"author":[{"embeddable":true,"href":"https:\/\/www.aquadivepro.com\/es\/wp-json\/wp\/v2\/users\/2"}],"replies":[{"embeddable":true,"href":"https:\/\/www.aquadivepro.com\/es\/wp-json\/wp\/v2\/comments?post=3444"}],"version-history":[{"count":6,"href":"https:\/\/www.aquadivepro.com\/es\/wp-json\/wp\/v2\/pages\/3444\/revisions"}],"predecessor-version":[{"id":3666,"href":"https:\/\/www.aquadivepro.com\/es\/wp-json\/wp\/v2\/pages\/3444\/revisions\/3666"}],"wp:attachment":[{"href":"https:\/\/www.aquadivepro.com\/es\/wp-json\/wp\/v2\/media?parent=3444"}],"curies":[{"name":"wp","href":"https:\/\/api.w.org\/{rel}","templated":true}]}}